{"id":71,"date":"2025-09-25T11:29:11","date_gmt":"2025-09-25T11:29:11","guid":{"rendered":"https:\/\/demo.blockskit.com\/business-consulting\/?page_id=225"},"modified":"2026-02-14T00:34:33","modified_gmt":"2026-02-13T22:34:33","slug":"projektiapuri","status":"publish","type":"page","link":"https:\/\/www.sampomeklin.com\/en\/projektiapuri\/","title":{"rendered":"Project Helper"},"content":{"rendered":"<div class=\"wp-block-uagb-container uagb-block-87f33bc1 alignfull uagb-is-root-container\"><div class=\"uagb-container-inner-blocks-wrap\">\n<div class=\"wp-block-uagb-container uagb-block-2fc5bdde alignfull uagb-is-root-container\"><div class=\"uagb-container-inner-blocks-wrap\">\n<div class=\"wp-block-uagb-container uagb-block-13eddb8c\">\n<div class=\"wp-block-group has-global-padding is-layout-constrained wp-container-core-group-is-layout-7d0d3654 wp-block-group-is-layout-constrained\">\n<div class=\"wp-block-group is-content-justification-left is-nowrap is-layout-flex wp-container-core-group-is-layout-08e2cdc5 wp-block-group-is-layout-flex\">\n<h6 class=\"wp-block-heading has-text-align-left has-highlight-color has-text-color has-link-color has-open-sans-font-family wp-elements-78be86b767a3d7506c7d1115732ff4ae\" style=\"font-style:normal;font-weight:600\">Project Helper<\/h6>\n\n\n\n<hr class=\"wp-block-separator has-text-color has-highlight-color has-alpha-channel-opacity has-highlight-background-color has-background wp-container-content-962be591\"\/>\n<\/div>\n\n\n\n<h3 class=\"wp-block-heading has-text-align-left has-montserrat-font-family\" style=\"font-style:normal;font-weight:700;line-height:1.2\">Project Manager\u2019s Material Pack<\/h3>\n<\/div>\n\n\n\n<div class=\"wp-block-uagb-advanced-heading uagb-block-7fa65e67\"><p class=\"uagb-heading-text\">Project Manager Starter Kit for Running a Project successfully with No Previous Experience.<\/p><div class=\"uagb-separator\"><\/div><\/div>\n\n\n\n<div class=\"wp-block-uagb-advanced-heading uagb-block-5d076084\"><p class=\"uagb-heading-text\">Project Helper is designed for situations where the project manager has no prior project management experience or the company lacks a repeatable framework to support its project managers. <\/p><div class=\"uagb-separator\"><\/div><\/div>\n\n\n\n<div class=\"wp-block-uagb-advanced-heading uagb-block-93b75821\"><p class=\"uagb-heading-text\">The Project Helper contains the Project Manager\u2019s Material Package: <\/p><\/div>\n\n\n\n<ul class=\"wp-block-list\">\n<li>Ready-to-use, easily editable document templates for the different phases of a project. <\/li>\n\n\n\n<li>Recommendations and examples for tools.<\/li>\n\n\n\n<li>Instructional video on how to use the materials.<\/li>\n<\/ul>\n\n\n\n<p><strong>Get the full package now at the early bird price: \u20ac399 (excl. VAT).<\/strong><\/p>\n<\/div>\n<\/div><\/div>\n\n\n\n<div class=\"wp-block-uagb-container uagb-block-268dd741 alignfull uagb-is-root-container\"><div class=\"uagb-container-inner-blocks-wrap\">\n<div class=\"wp-block-uagb-buttons uagb-buttons__outer-wrap uagb-btn__default-btn uagb-btn-tablet__default-btn uagb-btn-mobile__default-btn uagb-block-188e4677\"><div class=\"uagb-buttons__wrap uagb-buttons-layout-wrap\">\n<div class=\"wp-block-uagb-buttons-child uagb-buttons__outer-wrap uagb-block-d028294b wp-block-button\"><div class=\"uagb-button__wrapper\"><a class=\"uagb-buttons-repeater wp-block-button__link\" aria-label=\"\" href=\"mailto:sampo.meklin@gmail.com\" rel=\"follow noopener\" target=\"_self\" role=\"button\"><div class=\"uagb-button__link\">Order Project Helper<\/div><\/a><\/div><\/div>\n<\/div><\/div>\n<\/div><\/div>\n\n\n\n<div class=\"wp-block-uagb-container uagb-block-05a06d6c\">\n<div class=\"wp-block-uagb-container uagb-block-6b192f52\">\n<div class=\"wp-block-uagb-info-box uagb-block-ac4550db uagb-infobox__content-wrap  uagb-infobox-icon-above-title uagb-infobox-image-valign-top\"><div class=\"uagb-ifb-content\"><div class=\"uagb-ifb-icon-wrap\"><div class=\"uagb-iconbox-icon-wrap uagb-infobox-shape-circle\"><svg xmlns=\"https:\/\/www.w3.org\/2000\/svg\" viewbox=\"0 0 640 512\"><path d=\"M144 48C144 21.49 165.5 0 192 0C218.5 0 240 21.49 240 48C240 74.51 218.5 96 192 96C165.5 96 144 74.51 144 48zM152 512C134.3 512 120 497.7 120 480V256.9L91.43 304.5C82.33 319.6 62.67 324.5 47.52 315.4C32.37 306.3 27.47 286.7 36.58 271.5L94.85 174.6C112.2 145.7 143.4 128 177.1 128H320V48C320 21.49 341.5 .0003 368 .0003H592C618.5 .0003 640 21.49 640 48V272C640 298.5 618.5 320 592 320H368C341.5 320 320 298.5 320 272V224H384V256H576V64H384V128H400C417.7 128 432 142.3 432 160C432 177.7 417.7 192 400 192H264V480C264 497.7 249.7 512 232 512C214.3 512 200 497.7 200 480V352H184V480C184 497.7 169.7 512 152 512L152 512z\"><\/path><\/svg><\/div><\/div><div class=\"uagb-ifb-title-wrap\"><h3 class=\"uagb-ifb-title\">Material Package<\/h3><\/div><p class=\"uagb-ifb-desc\">In this material package, you\u2019ll find simple, editable templates for handling every project phase. No extras. Just the essentials.<br><br>You can edit the templates with Microsoft tools or free programs.<br><br>The package contains key resources such as goal definition, project phasing, organization and best practices, project reporting, financial management, and recommendations for additional tools to support project delivery.<\/p><\/div><\/div>\n<\/div>\n\n\n\n<div class=\"wp-block-uagb-container uagb-layout-flex uagb-block-1fb31704\">\n<div class=\"wp-block-uagb-info-box uagb-block-ac80822f uagb-infobox__content-wrap  uagb-infobox-icon-above-title uagb-infobox-image-valign-top\"><div class=\"uagb-ifb-content\"><div class=\"uagb-ifb-icon-wrap\"><div class=\"uagb-iconbox-icon-wrap uagb-infobox-shape-circle\"><svg xmlns=\"https:\/\/www.w3.org\/2000\/svg\" viewbox=\"0 0 576 512\"><path d=\"M192 496C192 504.8 199.3 512 208 512h32C248.8 512 256 504.8 256 496V320H192V496zM544 0h-32v496c0 8.75 7.25 16 16 16h32c8.75 0 16-7.25 16-16V32C576 14.25 561.8 0 544 0zM64 128c26.5 0 48-21.5 48-48S90.5 32 64 32S16 53.5 16 80S37.5 128 64 128zM224 224H173.1L127.9 178.8C115.8 166.6 99.75 160 82.75 160H64C46.88 160 30.75 166.8 18.75 178.8c-12 12.12-18.72 28.22-18.72 45.35L0 480c0 17.75 14.25 32 31.88 32s32-14.25 32-32L64 379.3c.875 .5 1.625 1.375 2.5 1.75L95.63 424V480c0 17.75 14.25 32 32 32c17.62 0 32-14.25 32-32v-56.5c0-9.875-2.375-19.75-6.75-28.62l-41.13-61.25V253l20.88 20.88C141.8 283 153.8 288 166.5 288H224c17.75 0 32-14.25 32-32S241.8 224 224 224zM192 32v160h64V0H224C206.3 0 192 14.25 192 32zM288 32l31.5 223.1l-30.88 154.6C284.3 431.3 301.6 448 320 448c15.25 0 27.99-9.125 32.24-30.38C353.3 434.5 366.9 448 384 448c17.75 0 32-14.25 32-32c0 17.75 14.25 32 32 32s32-14.25 32-32V0h-192V32z\"><\/path><\/svg><\/div><\/div><div class=\"uagb-ifb-title-wrap\"><h3 class=\"uagb-ifb-title\">Instructional video<\/h3><\/div><p class=\"uagb-ifb-desc\">To ensure you\u2019re not on your own with the material package, a support video is included, walking you through the main points of each phase and demonstrating how to use the Project Helper materials effectively.<\/p><\/div><\/div>\n<\/div>\n<\/div>\n<\/div><\/div>","protected":false},"excerpt":{"rendered":"<p>Projektiapuri Projektip\u00e4\u00e4llik\u00f6n materiaalipaketti Projektip\u00e4\u00e4llik\u00f6n peruspaketti jolla projektin l\u00e4pivienti onnistuu ilman aiempaa kokemusta. Projektiapuri on tarkoitettu tilanteisiin joissa projektip\u00e4\u00e4llik\u00f6ll\u00e4 ei ole aikaisempaa projektinvetokokemusta tai yritykselt\u00e4 puuttuu oma toistettava sapluuna projektip\u00e4\u00e4llik\u00f6iden tueksi. Projektiapuri sis\u00e4lt\u00e4\u00e4 projektip\u00e4\u00e4llik\u00f6n materiaalipaketin: Koko paketti t\u00e4ll\u00e4 hetkell\u00e4 early bird hintaan: 399 \u20ac (alv 0%)<\/p>","protected":false},"author":1,"featured_media":0,"parent":0,"menu_order":0,"comment_status":"closed","ping_status":"closed","template":"page-no-gap","meta":{"_uag_custom_page_level_css":"","footnotes":""},"class_list":["post-71","page","type-page","status-publish","hentry"],"yoast_head":"<!-- This site is optimized with the Yoast SEO plugin v27.5 - https:\/\/yoast.com\/product\/yoast-seo-wordpress\/ -->\n<title>Projektiapuri - Projektiapuri<\/title>\n<meta name=\"robots\" content=\"index, follow, max-snippet:-1, max-image-preview:large, max-video-preview:-1\" \/>\n<link rel=\"canonical\" href=\"https:\/\/www.sampomeklin.com\/en\/projektiapuri\/\" \/>\n<meta property=\"og:locale\" content=\"en_GB\" \/>\n<meta property=\"og:type\" content=\"article\" \/>\n<meta property=\"og:title\" content=\"Projektiapuri - Projektiapuri\" \/>\n<meta property=\"og:description\" content=\"Projektiapuri Projektip\u00e4\u00e4llik\u00f6n materiaalipaketti Projektip\u00e4\u00e4llik\u00f6n peruspaketti jolla projektin l\u00e4pivienti onnistuu ilman aiempaa kokemusta. Projektiapuri on tarkoitettu tilanteisiin joissa projektip\u00e4\u00e4llik\u00f6ll\u00e4 ei ole aikaisempaa projektinvetokokemusta tai yritykselt\u00e4 puuttuu oma toistettava sapluuna projektip\u00e4\u00e4llik\u00f6iden tueksi. Projektiapuri sis\u00e4lt\u00e4\u00e4 projektip\u00e4\u00e4llik\u00f6n materiaalipaketin: Koko paketti t\u00e4ll\u00e4 hetkell\u00e4 early bird hintaan: 399 \u20ac (alv 0%)\" \/>\n<meta property=\"og:url\" content=\"https:\/\/www.sampomeklin.com\/en\/projektiapuri\/\" \/>\n<meta property=\"og:site_name\" content=\"Projektiapuri\" \/>\n<meta property=\"article:modified_time\" content=\"2026-02-13T22:34:33+00:00\" \/>\n<meta name=\"twitter:card\" content=\"summary_large_image\" \/>\n<meta name=\"twitter:label1\" content=\"Est. reading time\" \/>\n\t<meta name=\"twitter:data1\" content=\"1 minute\" \/>\n<script type=\"application\/ld+json\" class=\"yoast-schema-graph\">{\"@context\":\"https:\\\/\\\/schema.org\",\"@graph\":[{\"@type\":\"WebPage\",\"@id\":\"https:\\\/\\\/www.sampomeklin.com\\\/projektiapuri\\\/\",\"url\":\"https:\\\/\\\/www.sampomeklin.com\\\/projektiapuri\\\/\",\"name\":\"Projektiapuri - Projektiapuri\",\"isPartOf\":{\"@id\":\"https:\\\/\\\/www.sampomeklin.com\\\/#website\"},\"datePublished\":\"2025-09-25T11:29:11+00:00\",\"dateModified\":\"2026-02-13T22:34:33+00:00\",\"breadcrumb\":{\"@id\":\"https:\\\/\\\/www.sampomeklin.com\\\/projektiapuri\\\/#breadcrumb\"},\"inLanguage\":\"en-GB\",\"potentialAction\":[{\"@type\":\"ReadAction\",\"target\":[\"https:\\\/\\\/www.sampomeklin.com\\\/projektiapuri\\\/\"]}]},{\"@type\":\"BreadcrumbList\",\"@id\":\"https:\\\/\\\/www.sampomeklin.com\\\/projektiapuri\\\/#breadcrumb\",\"itemListElement\":[{\"@type\":\"ListItem\",\"position\":1,\"name\":\"Etusivu\",\"item\":\"https:\\\/\\\/www.sampomeklin.com\\\/\"},{\"@type\":\"ListItem\",\"position\":2,\"name\":\"Projektiapuri\"}]},{\"@type\":\"WebSite\",\"@id\":\"https:\\\/\\\/www.sampomeklin.com\\\/#website\",\"url\":\"https:\\\/\\\/www.sampomeklin.com\\\/\",\"name\":\"Projektiapuri\",\"description\":\"\",\"publisher\":{\"@id\":\"https:\\\/\\\/www.sampomeklin.com\\\/#\\\/schema\\\/person\\\/c05fcd36e900d5ffe280b920d0dd8f14\"},\"potentialAction\":[{\"@type\":\"SearchAction\",\"target\":{\"@type\":\"EntryPoint\",\"urlTemplate\":\"https:\\\/\\\/www.sampomeklin.com\\\/?s={search_term_string}\"},\"query-input\":{\"@type\":\"PropertyValueSpecification\",\"valueRequired\":true,\"valueName\":\"search_term_string\"}}],\"inLanguage\":\"en-GB\"},{\"@type\":[\"Person\",\"Organization\"],\"@id\":\"https:\\\/\\\/www.sampomeklin.com\\\/#\\\/schema\\\/person\\\/c05fcd36e900d5ffe280b920d0dd8f14\",\"name\":\"sampo.meklin@gmail.com\",\"image\":{\"@type\":\"ImageObject\",\"inLanguage\":\"en-GB\",\"@id\":\"https:\\\/\\\/www.sampomeklin.com\\\/wp-content\\\/uploads\\\/2024\\\/02\\\/base-logo-white-2.png\",\"url\":\"https:\\\/\\\/www.sampomeklin.com\\\/wp-content\\\/uploads\\\/2024\\\/02\\\/base-logo-white-2.png\",\"contentUrl\":\"https:\\\/\\\/www.sampomeklin.com\\\/wp-content\\\/uploads\\\/2024\\\/02\\\/base-logo-white-2.png\",\"width\":26,\"height\":26,\"caption\":\"sampo.meklin@gmail.com\"},\"logo\":{\"@id\":\"https:\\\/\\\/www.sampomeklin.com\\\/wp-content\\\/uploads\\\/2024\\\/02\\\/base-logo-white-2.png\"},\"sameAs\":[\"https:\\\/\\\/www.sampomeklin.com\",\"www.linkedin.com\\\/in\\\/sampomeklin\"]}]}<\/script>\n<!-- \/ Yoast SEO plugin. -->","yoast_head_json":{"title":"Projektiapuri - Projektiapuri","robots":{"index":"index","follow":"follow","max-snippet":"max-snippet:-1","max-image-preview":"max-image-preview:large","max-video-preview":"max-video-preview:-1"},"canonical":"https:\/\/www.sampomeklin.com\/en\/projektiapuri\/","og_locale":"en_GB","og_type":"article","og_title":"Projektiapuri - Projektiapuri","og_description":"Projektiapuri Projektip\u00e4\u00e4llik\u00f6n materiaalipaketti Projektip\u00e4\u00e4llik\u00f6n peruspaketti jolla projektin l\u00e4pivienti onnistuu ilman aiempaa kokemusta. Projektiapuri on tarkoitettu tilanteisiin joissa projektip\u00e4\u00e4llik\u00f6ll\u00e4 ei ole aikaisempaa projektinvetokokemusta tai yritykselt\u00e4 puuttuu oma toistettava sapluuna projektip\u00e4\u00e4llik\u00f6iden tueksi. Projektiapuri sis\u00e4lt\u00e4\u00e4 projektip\u00e4\u00e4llik\u00f6n materiaalipaketin: Koko paketti t\u00e4ll\u00e4 hetkell\u00e4 early bird hintaan: 399 \u20ac (alv 0%)","og_url":"https:\/\/www.sampomeklin.com\/en\/projektiapuri\/","og_site_name":"Projektiapuri","article_modified_time":"2026-02-13T22:34:33+00:00","twitter_card":"summary_large_image","twitter_misc":{"Est. reading time":"1 minute"},"schema":{"@context":"https:\/\/schema.org","@graph":[{"@type":"WebPage","@id":"https:\/\/www.sampomeklin.com\/projektiapuri\/","url":"https:\/\/www.sampomeklin.com\/projektiapuri\/","name":"Projektiapuri - Projektiapuri","isPartOf":{"@id":"https:\/\/www.sampomeklin.com\/#website"},"datePublished":"2025-09-25T11:29:11+00:00","dateModified":"2026-02-13T22:34:33+00:00","breadcrumb":{"@id":"https:\/\/www.sampomeklin.com\/projektiapuri\/#breadcrumb"},"inLanguage":"en-GB","potentialAction":[{"@type":"ReadAction","target":["https:\/\/www.sampomeklin.com\/projektiapuri\/"]}]},{"@type":"BreadcrumbList","@id":"https:\/\/www.sampomeklin.com\/projektiapuri\/#breadcrumb","itemListElement":[{"@type":"ListItem","position":1,"name":"Etusivu","item":"https:\/\/www.sampomeklin.com\/"},{"@type":"ListItem","position":2,"name":"Projektiapuri"}]},{"@type":"WebSite","@id":"https:\/\/www.sampomeklin.com\/#website","url":"https:\/\/www.sampomeklin.com\/","name":"Project Helper","description":"","publisher":{"@id":"https:\/\/www.sampomeklin.com\/#\/schema\/person\/c05fcd36e900d5ffe280b920d0dd8f14"},"potentialAction":[{"@type":"SearchAction","target":{"@type":"EntryPoint","urlTemplate":"https:\/\/www.sampomeklin.com\/?s={search_term_string}"},"query-input":{"@type":"PropertyValueSpecification","valueRequired":true,"valueName":"search_term_string"}}],"inLanguage":"en-GB"},{"@type":["Person","Organization"],"@id":"https:\/\/www.sampomeklin.com\/#\/schema\/person\/c05fcd36e900d5ffe280b920d0dd8f14","name":"sampo.meklin@gmail.com","image":{"@type":"ImageObject","inLanguage":"en-GB","@id":"https:\/\/www.sampomeklin.com\/wp-content\/uploads\/2024\/02\/base-logo-white-2.png","url":"https:\/\/www.sampomeklin.com\/wp-content\/uploads\/2024\/02\/base-logo-white-2.png","contentUrl":"https:\/\/www.sampomeklin.com\/wp-content\/uploads\/2024\/02\/base-logo-white-2.png","width":26,"height":26,"caption":"sampo.meklin@gmail.com"},"logo":{"@id":"https:\/\/www.sampomeklin.com\/wp-content\/uploads\/2024\/02\/base-logo-white-2.png"},"sameAs":["https:\/\/www.sampomeklin.com","www.linkedin.com\/in\/sampomeklin"]}]}},"uagb_featured_image_src":{"full":false,"thumbnail":false,"medium":false,"medium_large":false,"large":false,"1536x1536":false,"2048x2048":false,"trp-custom-language-flag":false},"uagb_author_info":{"display_name":"sampo.meklin@gmail.com","author_link":"https:\/\/www.sampomeklin.com\/en\/author\/sampo-meklingmail-com\/"},"uagb_comment_info":0,"uagb_excerpt":"Projektiapuri Projektip\u00e4\u00e4llik\u00f6n materiaalipaketti Projektip\u00e4\u00e4llik\u00f6n peruspaketti jolla projektin l\u00e4pivienti onnistuu ilman aiempaa kokemusta. Projektiapuri on tarkoitettu tilanteisiin joissa projektip\u00e4\u00e4llik\u00f6ll\u00e4 ei ole aikaisempaa projektinvetokokemusta tai yritykselt\u00e4 puuttuu oma toistettava sapluuna projektip\u00e4\u00e4llik\u00f6iden tueksi. Projektiapuri sis\u00e4lt\u00e4\u00e4 projektip\u00e4\u00e4llik\u00f6n materiaalipaketin: Koko paketti t\u00e4ll\u00e4 hetkell\u00e4 early bird hintaan: 399 \u20ac (alv 0%)","_links":{"self":[{"href":"https:\/\/www.sampomeklin.com\/en\/wp-json\/wp\/v2\/pages\/71","targetHints":{"allow":["GET"]}}],"collection":[{"href":"https:\/\/www.sampomeklin.com\/en\/wp-json\/wp\/v2\/pages"}],"about":[{"href":"https:\/\/www.sampomeklin.com\/en\/wp-json\/wp\/v2\/types\/page"}],"author":[{"embeddable":true,"href":"https:\/\/www.sampomeklin.com\/en\/wp-json\/wp\/v2\/users\/1"}],"replies":[{"embeddable":true,"href":"https:\/\/www.sampomeklin.com\/en\/wp-json\/wp\/v2\/comments?post=71"}],"version-history":[{"count":10,"href":"https:\/\/www.sampomeklin.com\/en\/wp-json\/wp\/v2\/pages\/71\/revisions"}],"predecessor-version":[{"id":202,"href":"https:\/\/www.sampomeklin.com\/en\/wp-json\/wp\/v2\/pages\/71\/revisions\/202"}],"wp:attachment":[{"href":"https:\/\/www.sampomeklin.com\/en\/wp-json\/wp\/v2\/media?parent=71"}],"curies":[{"name":"wp","href":"https:\/\/api.w.org\/{rel}","templated":true}]}}