{"id":73,"date":"2024-02-23T07:37:20","date_gmt":"2024-02-23T07:37:20","guid":{"rendered":"https:\/\/demo.blockskit.com\/business-consulting\/?page_id=226"},"modified":"2026-02-17T21:31:29","modified_gmt":"2026-02-17T19:31:29","slug":"contact","status":"publish","type":"page","link":"https:\/\/www.sampomeklin.com\/en\/contact\/","title":{"rendered":"Contacts"},"content":{"rendered":"<div class=\"wp-block-group has-global-padding is-layout-constrained wp-block-group-is-layout-constrained\" style=\"margin-top:var(--wp--preset--spacing--xx-large);margin-bottom:var(--wp--preset--spacing--xx-large)\">\n<div class=\"wp-block-columns animated animated-fadeInUp is-layout-flex wp-container-core-columns-is-layout-9a457955 wp-block-columns-is-layout-flex\" style=\"margin-bottom:var(--wp--preset--spacing--large)\">\n<div class=\"wp-block-column is-layout-flow wp-block-column-is-layout-flow\" style=\"padding-right:var(--wp--preset--spacing--x-large);flex-basis:100%\">\n<h2 class=\"wp-block-heading has-text-align-left\" style=\"letter-spacing:-0.03em;line-height:1.1\">Contacts<\/h2>\n\n\n\n<div class=\"wp-block-columns has-surface-background-color has-background is-layout-flex wp-container-core-columns-is-layout-346773ea wp-block-columns-is-layout-flex\" style=\"border-radius:6px;margin-bottom:var(--wp--preset--spacing--small);padding-top:var(--wp--preset--spacing--small);padding-right:var(--wp--preset--spacing--x-small);padding-bottom:var(--wp--preset--spacing--small);padding-left:var(--wp--preset--spacing--x-small)\">\n<div class=\"wp-block-column is-layout-flow wp-block-column-is-layout-flow\" style=\"flex-basis:20%\">      \n\t\t\t<div class=\"uagb-icon-wrapper uagb-block-67feb8e2\"\n\t\t\tstyle=\"\" >\n\t\t\t\t\t\t\t\t\t<span class=\"uagb-svg-wrapper\" \n\t\t\t\t\t aria-label=\"location-dot\"\t\t\t\t\ttabindex=\"0\">\t\t\n\t\t\t\t\t\t\t\t\t\t<svg xmlns=\"https:\/\/www.w3.org\/2000\/svg\" viewbox= \"0 0 384 512\" role=\"graphics-symbol\" aria-hidden=\"false\" aria-label=\"\"><path d=\"M168.3 499.2C116.1 435 0 279.4 0 192C0 85.96 85.96 0 192 0C298 0 384 85.96 384 192C384 279.4 267 435 215.7 499.2C203.4 514.5 180.6 514.5 168.3 499.2H168.3zM192 256C227.3 256 256 227.3 256 192C256 156.7 227.3 128 192 128C156.7 128 128 156.7 128 192C128 227.3 156.7 256 192 256z\"><\/path><\/svg>\n\t\t\t\t\t\t\t\t\t<\/span>\n\t\t\t\t\t\t\t<\/div>\n\t\t\t<\/div>\n\n\n\n<div class=\"wp-block-column is-vertically-aligned-center is-layout-flow wp-container-core-column-is-layout-c39a6912 wp-block-column-is-layout-flow\" style=\"flex-basis:70%\">\n<h6 class=\"wp-block-heading\" style=\"margin-top:0;margin-right:0;margin-bottom:0;margin-left:0\">Name and address:<\/h6>\n\n\n\n<p>Sampo Meklin<\/p>\n\n\n\n<p class=\"has-small-font-size\" style=\"margin-bottom:0\">Luhtapolku 2, 33960 Pirkkala<\/p>\n\n\n\n<p>Business ID: 2621591-5<\/p>\n<\/div>\n<\/div>\n\n\n\n<div class=\"wp-block-columns has-surface-background-color has-background is-layout-flex wp-container-core-columns-is-layout-d7d71d22 wp-block-columns-is-layout-flex\" style=\"border-radius:6px;padding-top:var(--wp--preset--spacing--small);padding-right:var(--wp--preset--spacing--x-small);padding-bottom:var(--wp--preset--spacing--small);padding-left:var(--wp--preset--spacing--x-small)\">\n<div class=\"wp-block-column is-layout-flow wp-block-column-is-layout-flow\" style=\"flex-basis:20%\">      \n\t\t\t<div class=\"uagb-icon-wrapper uagb-block-102c1a4b\"\n\t\t\tstyle=\"\" >\n\t\t\t\t\t\t\t\t\t<span class=\"uagb-svg-wrapper\" \n\t\t\t\t\t aria-label=\"headset\"\t\t\t\t\ttabindex=\"0\">\t\t\n\t\t\t\t\t\t\t\t\t\t<svg xmlns=\"https:\/\/www.w3.org\/2000\/svg\" viewbox= \"0 0 512 512\" role=\"graphics-symbol\" aria-hidden=\"false\" aria-label=\"\"><path d=\"M191.1 224c0-17.72-14.34-32.04-32-32.04L144 192c-35.34 0-64 28.66-64 64.08v47.79C80 339.3 108.7 368 144 368H160c17.66 0 32-14.36 32-32.06L191.1 224zM256 0C112.9 0 4.583 119.1 .0208 256L0 296C0 309.3 10.75 320 23.1 320S48 309.3 48 296V256c0-114.7 93.34-207.8 208-207.8C370.7 48.2 464 141.3 464 256v144c0 22.09-17.91 40-40 40h-110.7C305 425.7 289.7 416 272 416H241.8c-23.21 0-44.5 15.69-48.87 38.49C187 485.2 210.4 512 239.1 512H272c17.72 0 33.03-9.711 41.34-24H424c48.6 0 88-39.4 88-88V256C507.4 119.1 399.1 0 256 0zM368 368c35.34 0 64-28.7 64-64.13V256.1C432 220.7 403.3 192 368 192l-16 0c-17.66 0-32 14.34-32 32.04L320 335.9C320 353.7 334.3 368 352 368H368z\"><\/path><\/svg>\n\t\t\t\t\t\t\t\t\t<\/span>\n\t\t\t\t\t\t\t<\/div>\n\t\t\t<\/div>\n\n\n\n<div class=\"wp-block-column is-vertically-aligned-center is-layout-flow wp-container-core-column-is-layout-c39a6912 wp-block-column-is-layout-flow\" style=\"flex-basis:70%\">\n<h6 class=\"wp-block-heading\" style=\"margin-top:0;margin-right:0;margin-bottom:0;margin-left:0\">Email and phone:<\/h6>\n\n\n\n<p class=\"has-small-font-size\" style=\"margin-right:0;margin-bottom:0\">Email: sampo.meklin@gmail.com<\/p>\n\n\n\n<p class=\"has-small-font-size\" style=\"margin-bottom:0\">Mobile: +358 4080 894<\/p>\n<\/div>\n<\/div>\n<\/div>\n<\/div>\n<\/div>\n\n\n\n<h2 class=\"wp-block-heading has-text-align-left\" style=\"letter-spacing:-0.03em;line-height:1.1\">Get in touch and ask for more information!<\/h2>\n\n\n\n<div class=\"wp-block-uagb-forms uagb-forms__outer-wrap uagb-block-34caf1b2 uagb-forms__medium-btn\"><form class=\"uagb-forms-main-form\" method=\"post\" autocomplete=\"on\" name=\"uagb-form-34caf1b2\" action=\"\">\n<div class=\"wp-block-uagb-forms-name uagb-forms-name-wrap uagb-forms-field-set uagb-block-eb7b60c8\"><div class=\"uagb-forms-name-label required uagb-forms-input-label\" id=\"eb7b60c8\">First Name<\/div><input type=\"text\" placeholder=\"Your name...\" required class=\"uagb-forms-name-input uagb-forms-input\" name=\"eb7b60c8\" autocomplete=\"given-name\"\/><\/div>\n\n\n\n<div class=\"wp-block-uagb-forms-email uagb-forms-email-wrap uagb-forms-field-set uagb-block-a5d1769e\"><div class=\"uagb-forms-email-label  uagb-forms-input-label\" id=\"a5d1769e\">Email...<\/div><input type=\"email\" class=\"uagb-forms-email-input uagb-forms-input\" placeholder=\"Email...\" name=\"a5d1769e\" autocomplete=\"email\"\/><\/div>\n\n\n\n<div class=\"wp-block-uagb-forms-textarea uagb-forms-textarea-wrap uagb-forms-field-set uagb-block-daf50369\"><div class=\"uagb-forms-textarea-label required uagb-forms-input-label\" id=\"daf50369\">Message<\/div><textarea required class=\"uagb-forms-textarea-input uagb-forms-input\" rows=\"10\" placeholder=\"Message...\" name=\"daf50369\" autocomplete=\"off\"><\/textarea><\/div>\n<div class=\"uagb-forms-form-hidden-data\"><input type=\"hidden\" class=\"uagb_forms_form_label\" value=\"Spectra Form\"\/><input type=\"hidden\" class=\"uagb_forms_form_id\" value=\"uagb-form-34caf1b2\"\/><\/div><div class=\"uagb-form-reacaptcha-error-34caf1b2\"><\/div><div class=\"uagb-forms-main-submit-button-wrap wp-block-button\"><button class=\"uagb-forms-main-submit-button wp-block-button__link\"><div class=\"uagb-forms-main-submit-button-text\">Send<\/div><\/button><\/div><input type=\"hidden\" name=\"trp-form-language\" value=\"en\"\/><\/form><div class=\"uagb-forms-success-message-34caf1b2 uagb-forms-submit-message-hide\"><span>The form has been submitted successfully!<\/span><\/div><div class=\"uagb-forms-failed-message-34caf1b2 uagb-forms-submit-message-hide\"><span>There has been some error while submitting the form. Please verify all form fields again.<\/span><\/div><\/div>","protected":false},"excerpt":{"rendered":"<p>Yhteystiedot Nimi ja osoite: Sampo Meklin Luhtapolku 2, 33960 Pirkkala Y-Tunnus: 2621591-5 S\u00e4hk\u00f6posti ja puhelin: S\u00e4hk\u00f6posti: sampo.meklin@gmail.com Puhelin: +358 4080 894 Ota yhteytt\u00e4 ja kysy lis\u00e4\u00e4!<\/p>","protected":false},"author":1,"featured_media":0,"parent":0,"menu_order":0,"comment_status":"closed","ping_status":"closed","template":"page-no-gap","meta":{"_uag_custom_page_level_css":"","footnotes":""},"class_list":["post-73","page","type-page","status-publish","hentry"],"yoast_head":"<!-- This site is optimized with the Yoast SEO plugin v27.5 - https:\/\/yoast.com\/product\/yoast-seo-wordpress\/ -->\n<title>Yhteystiedot - Projektiapuri<\/title>\n<meta name=\"robots\" content=\"index, follow, max-snippet:-1, max-image-preview:large, max-video-preview:-1\" \/>\n<link rel=\"canonical\" href=\"https:\/\/www.sampomeklin.com\/en\/contact\/\" \/>\n<meta property=\"og:locale\" content=\"en_GB\" \/>\n<meta property=\"og:type\" content=\"article\" \/>\n<meta property=\"og:title\" content=\"Yhteystiedot - Projektiapuri\" \/>\n<meta property=\"og:description\" content=\"Yhteystiedot Nimi ja osoite: Sampo Meklin Luhtapolku 2, 33960 Pirkkala Y-Tunnus: 2621591-5 S\u00e4hk\u00f6posti ja puhelin: S\u00e4hk\u00f6posti: sampo.meklin@gmail.com Puhelin: +358 4080 894 Ota yhteytt\u00e4 ja kysy lis\u00e4\u00e4!\" \/>\n<meta property=\"og:url\" content=\"https:\/\/www.sampomeklin.com\/en\/contact\/\" \/>\n<meta property=\"og:site_name\" content=\"Projektiapuri\" \/>\n<meta property=\"article:modified_time\" content=\"2026-02-17T19:31:29+00:00\" \/>\n<meta name=\"twitter:card\" content=\"summary_large_image\" \/>\n<script type=\"application\/ld+json\" class=\"yoast-schema-graph\">{\"@context\":\"https:\\\/\\\/schema.org\",\"@graph\":[{\"@type\":\"WebPage\",\"@id\":\"https:\\\/\\\/www.sampomeklin.com\\\/contact\\\/\",\"url\":\"https:\\\/\\\/www.sampomeklin.com\\\/contact\\\/\",\"name\":\"Yhteystiedot - Projektiapuri\",\"isPartOf\":{\"@id\":\"https:\\\/\\\/www.sampomeklin.com\\\/#website\"},\"datePublished\":\"2024-02-23T07:37:20+00:00\",\"dateModified\":\"2026-02-17T19:31:29+00:00\",\"breadcrumb\":{\"@id\":\"https:\\\/\\\/www.sampomeklin.com\\\/contact\\\/#breadcrumb\"},\"inLanguage\":\"en-GB\",\"potentialAction\":[{\"@type\":\"ReadAction\",\"target\":[\"https:\\\/\\\/www.sampomeklin.com\\\/contact\\\/\"]}]},{\"@type\":\"BreadcrumbList\",\"@id\":\"https:\\\/\\\/www.sampomeklin.com\\\/contact\\\/#breadcrumb\",\"itemListElement\":[{\"@type\":\"ListItem\",\"position\":1,\"name\":\"Etusivu\",\"item\":\"https:\\\/\\\/www.sampomeklin.com\\\/\"},{\"@type\":\"ListItem\",\"position\":2,\"name\":\"Yhteystiedot\"}]},{\"@type\":\"WebSite\",\"@id\":\"https:\\\/\\\/www.sampomeklin.com\\\/#website\",\"url\":\"https:\\\/\\\/www.sampomeklin.com\\\/\",\"name\":\"Projektiapuri\",\"description\":\"\",\"publisher\":{\"@id\":\"https:\\\/\\\/www.sampomeklin.com\\\/#\\\/schema\\\/person\\\/c05fcd36e900d5ffe280b920d0dd8f14\"},\"potentialAction\":[{\"@type\":\"SearchAction\",\"target\":{\"@type\":\"EntryPoint\",\"urlTemplate\":\"https:\\\/\\\/www.sampomeklin.com\\\/?s={search_term_string}\"},\"query-input\":{\"@type\":\"PropertyValueSpecification\",\"valueRequired\":true,\"valueName\":\"search_term_string\"}}],\"inLanguage\":\"en-GB\"},{\"@type\":[\"Person\",\"Organization\"],\"@id\":\"https:\\\/\\\/www.sampomeklin.com\\\/#\\\/schema\\\/person\\\/c05fcd36e900d5ffe280b920d0dd8f14\",\"name\":\"sampo.meklin@gmail.com\",\"image\":{\"@type\":\"ImageObject\",\"inLanguage\":\"en-GB\",\"@id\":\"https:\\\/\\\/www.sampomeklin.com\\\/wp-content\\\/uploads\\\/2024\\\/02\\\/base-logo-white-2.png\",\"url\":\"https:\\\/\\\/www.sampomeklin.com\\\/wp-content\\\/uploads\\\/2024\\\/02\\\/base-logo-white-2.png\",\"contentUrl\":\"https:\\\/\\\/www.sampomeklin.com\\\/wp-content\\\/uploads\\\/2024\\\/02\\\/base-logo-white-2.png\",\"width\":26,\"height\":26,\"caption\":\"sampo.meklin@gmail.com\"},\"logo\":{\"@id\":\"https:\\\/\\\/www.sampomeklin.com\\\/wp-content\\\/uploads\\\/2024\\\/02\\\/base-logo-white-2.png\"},\"sameAs\":[\"https:\\\/\\\/www.sampomeklin.com\",\"www.linkedin.com\\\/in\\\/sampomeklin\"]}]}<\/script>\n<!-- \/ Yoast SEO plugin. -->","yoast_head_json":{"title":"Yhteystiedot - Projektiapuri","robots":{"index":"index","follow":"follow","max-snippet":"max-snippet:-1","max-image-preview":"max-image-preview:large","max-video-preview":"max-video-preview:-1"},"canonical":"https:\/\/www.sampomeklin.com\/en\/contact\/","og_locale":"en_GB","og_type":"article","og_title":"Yhteystiedot - Projektiapuri","og_description":"Yhteystiedot Nimi ja osoite: Sampo Meklin Luhtapolku 2, 33960 Pirkkala Y-Tunnus: 2621591-5 S\u00e4hk\u00f6posti ja puhelin: S\u00e4hk\u00f6posti: sampo.meklin@gmail.com Puhelin: +358 4080 894 Ota yhteytt\u00e4 ja kysy lis\u00e4\u00e4!","og_url":"https:\/\/www.sampomeklin.com\/en\/contact\/","og_site_name":"Projektiapuri","article_modified_time":"2026-02-17T19:31:29+00:00","twitter_card":"summary_large_image","schema":{"@context":"https:\/\/schema.org","@graph":[{"@type":"WebPage","@id":"https:\/\/www.sampomeklin.com\/contact\/","url":"https:\/\/www.sampomeklin.com\/contact\/","name":"Yhteystiedot - Projektiapuri","isPartOf":{"@id":"https:\/\/www.sampomeklin.com\/#website"},"datePublished":"2024-02-23T07:37:20+00:00","dateModified":"2026-02-17T19:31:29+00:00","breadcrumb":{"@id":"https:\/\/www.sampomeklin.com\/contact\/#breadcrumb"},"inLanguage":"en-GB","potentialAction":[{"@type":"ReadAction","target":["https:\/\/www.sampomeklin.com\/contact\/"]}]},{"@type":"BreadcrumbList","@id":"https:\/\/www.sampomeklin.com\/contact\/#breadcrumb","itemListElement":[{"@type":"ListItem","position":1,"name":"Etusivu","item":"https:\/\/www.sampomeklin.com\/"},{"@type":"ListItem","position":2,"name":"Yhteystiedot"}]},{"@type":"WebSite","@id":"https:\/\/www.sampomeklin.com\/#website","url":"https:\/\/www.sampomeklin.com\/","name":"Project Helper","description":"","publisher":{"@id":"https:\/\/www.sampomeklin.com\/#\/schema\/person\/c05fcd36e900d5ffe280b920d0dd8f14"},"potentialAction":[{"@type":"SearchAction","target":{"@type":"EntryPoint","urlTemplate":"https:\/\/www.sampomeklin.com\/?s={search_term_string}"},"query-input":{"@type":"PropertyValueSpecification","valueRequired":true,"valueName":"search_term_string"}}],"inLanguage":"en-GB"},{"@type":["Person","Organization"],"@id":"https:\/\/www.sampomeklin.com\/#\/schema\/person\/c05fcd36e900d5ffe280b920d0dd8f14","name":"sampo.meklin@gmail.com","image":{"@type":"ImageObject","inLanguage":"en-GB","@id":"https:\/\/www.sampomeklin.com\/wp-content\/uploads\/2024\/02\/base-logo-white-2.png","url":"https:\/\/www.sampomeklin.com\/wp-content\/uploads\/2024\/02\/base-logo-white-2.png","contentUrl":"https:\/\/www.sampomeklin.com\/wp-content\/uploads\/2024\/02\/base-logo-white-2.png","width":26,"height":26,"caption":"sampo.meklin@gmail.com"},"logo":{"@id":"https:\/\/www.sampomeklin.com\/wp-content\/uploads\/2024\/02\/base-logo-white-2.png"},"sameAs":["https:\/\/www.sampomeklin.com","www.linkedin.com\/in\/sampomeklin"]}]}},"uagb_featured_image_src":{"full":false,"thumbnail":false,"medium":false,"medium_large":false,"large":false,"1536x1536":false,"2048x2048":false,"trp-custom-language-flag":false},"uagb_author_info":{"display_name":"sampo.meklin@gmail.com","author_link":"https:\/\/www.sampomeklin.com\/en\/author\/sampo-meklingmail-com\/"},"uagb_comment_info":0,"uagb_excerpt":"Yhteystiedot Nimi ja osoite: Sampo Meklin Luhtapolku 2, 33960 Pirkkala Y-Tunnus: 2621591-5 S\u00e4hk\u00f6posti ja puhelin: S\u00e4hk\u00f6posti: sampo.meklin@gmail.com Puhelin: +358 4080 894 Ota yhteytt\u00e4 ja kysy lis\u00e4\u00e4!","_links":{"self":[{"href":"https:\/\/www.sampomeklin.com\/en\/wp-json\/wp\/v2\/pages\/73","targetHints":{"allow":["GET"]}}],"collection":[{"href":"https:\/\/www.sampomeklin.com\/en\/wp-json\/wp\/v2\/pages"}],"about":[{"href":"https:\/\/www.sampomeklin.com\/en\/wp-json\/wp\/v2\/types\/page"}],"author":[{"embeddable":true,"href":"https:\/\/www.sampomeklin.com\/en\/wp-json\/wp\/v2\/users\/1"}],"replies":[{"embeddable":true,"href":"https:\/\/www.sampomeklin.com\/en\/wp-json\/wp\/v2\/comments?post=73"}],"version-history":[{"count":8,"href":"https:\/\/www.sampomeklin.com\/en\/wp-json\/wp\/v2\/pages\/73\/revisions"}],"predecessor-version":[{"id":208,"href":"https:\/\/www.sampomeklin.com\/en\/wp-json\/wp\/v2\/pages\/73\/revisions\/208"}],"wp:attachment":[{"href":"https:\/\/www.sampomeklin.com\/en\/wp-json\/wp\/v2\/media?parent=73"}],"curies":[{"name":"wp","href":"https:\/\/api.w.org\/{rel}","templated":true}]}}