{"id":77,"date":"2024-02-23T07:37:36","date_gmt":"2024-02-23T07:37:36","guid":{"rendered":"https:\/\/demo.blockskit.com\/business-consulting\/?page_id=5"},"modified":"2026-02-22T20:58:33","modified_gmt":"2026-02-22T18:58:33","slug":"home","status":"publish","type":"page","link":"https:\/\/www.sampomeklin.com\/en\/","title":{"rendered":"Home"},"content":{"rendered":"<div class=\"wp-block-group has-global-padding is-layout-constrained wp-block-group-is-layout-constrained\">\n<div class=\"wp-block-group alignfull has-global-padding is-layout-constrained wp-block-group-is-layout-constrained\" style=\"margin-top:0;margin-bottom:0\">\n<div class=\"wp-block-cover alignfull\" style=\"padding-top:var(--wp--preset--spacing--large);padding-right:var(--wp--preset--spacing--x-small);padding-bottom:0;padding-left:var(--wp--preset--spacing--x-small);min-height:500px;aspect-ratio:unset;\"><img decoding=\"async\" class=\"wp-block-cover__image-background wp-image-162\" alt=\"\" src=\"https:\/\/demo.blockskit.com\/base\/wp-content\/themes\/blockskit-base\/assets\/images\/banner-img1.jpg\" data-object-fit=\"cover\"\/><span aria-hidden=\"true\" class=\"wp-block-cover__background has-foreground-background-color has-background-dim-80 has-background-dim\"><\/span><div class=\"wp-block-cover__inner-container is-layout-flow wp-block-cover-is-layout-flow\">\n<div class=\"wp-block-group animated animated-fadeInUp has-global-padding is-layout-constrained wp-block-group-is-layout-constrained\">\n<div class=\"wp-block-columns is-layout-flex wp-container-core-columns-is-layout-0e76f3d8 wp-block-columns-is-layout-flex\" style=\"margin-top:0;margin-bottom:0;padding-top:0;padding-right:0;padding-bottom:0;padding-left:0\">\n<div class=\"wp-block-column is-layout-flow wp-block-column-is-layout-flow\" style=\"flex-basis:15%\"><\/div>\n\n\n\n<div class=\"wp-block-column is-layout-flow wp-container-core-column-is-layout-28294f46 wp-block-column-is-layout-flow\" style=\"padding-top:var(--wp--preset--spacing--large);flex-basis:70%\">\n<h2 class=\"wp-block-heading has-text-align-center has-xxxx-large-font-size\" style=\"padding-top:0;padding-right:0;padding-bottom:var(--wp--preset--spacing--xx-small);letter-spacing:-0.03em;line-height:1.1\">By your side for successful projects<\/h2>\n\n\n\n<p class=\"has-text-align-center has-accent-text-color has-text-color\" style=\"padding-top:var(--wp--preset--spacing--small);padding-right:var(--wp--preset--spacing--small);padding-left:var(--wp--preset--spacing--small)\">When project is in your responsibility, Project Helper will help you through it without chaos and uncertainty.<\/p>\n\n\n\n<div class=\"wp-block-buttons is-content-justification-center is-layout-flex wp-container-core-buttons-is-layout-2af897fb wp-block-buttons-is-layout-flex\" style=\"margin-top:var(--wp--preset--spacing--medium)\">\n<div class=\"wp-block-button\"><a class=\"wp-block-button__link wp-element-button\" href=\"mailto:sampo.meklin@gmail.com?Subject=Projektiapurin tilaus\" style=\"border-radius:6px;padding-top:16px;padding-right:20px;padding-bottom:16px;padding-left:20px\" target=\"_blank\" rel=\"noreferrer noopener\">Order Project Helper<\/a><\/div>\n\n\n\n<div class=\"wp-block-button is-style-bk-button-secondary\"><a class=\"wp-block-button__link has-border-color has-accent-text-border-color wp-element-button\" href=\"https:\/\/www.sampomeklin.com\/en\/contact\/\" style=\"border-radius:6px\" target=\"_blank\" rel=\"noreferrer noopener\">Contact Me<\/a><\/div>\n<\/div>\n<\/div>\n\n\n\n<div class=\"wp-block-column is-layout-flow wp-block-column-is-layout-flow\" style=\"flex-basis:15%\"><\/div>\n<\/div>\n<\/div>\n<\/div><\/div>\n<\/div>\n\n\n\n<div class=\"wp-block-group has-global-padding is-layout-constrained wp-container-core-group-is-layout-42da4b3f wp-block-group-is-layout-constrained\" style=\"margin-top:0;margin-bottom:0;padding-top:0;padding-bottom:0\">\n<div class=\"wp-block-columns animated animated-fadeInUp is-layout-flex wp-container-core-columns-is-layout-f619a8c7 wp-block-columns-is-layout-flex\">\n<div class=\"wp-block-column is-layout-flow wp-block-column-is-layout-flow\">\n<div class=\"wp-block-group is-style-bk-box-shadow has-global-padding is-layout-constrained wp-container-core-group-is-layout-e20e7e2d wp-block-group-is-layout-constrained\" style=\"border-radius:5px;padding-top:var(--wp--preset--spacing--large);padding-right:var(--wp--preset--spacing--large);padding-bottom:var(--wp--preset--spacing--large);padding-left:var(--wp--preset--spacing--large)\">\n<figure class=\"wp-block-image aligncenter size-full wp-duotone-primary\"><img decoding=\"async\" src=\"https:\/\/demo.blockskit.com\/base\/wp-content\/themes\/blockskit-base\/assets\/images\/featured-icon1.svg\" alt=\"\" class=\"wp-image-323\" style=\"object-fit:cover\"\/><\/figure>\n\n\n\n<h5 class=\"wp-block-heading has-text-align-center\" style=\"letter-spacing:-0.04em;line-height:1.1\"><a href=\"https:\/\/www.sampomeklin.com\/en\/projektiapuri\/\" data-type=\"page\" data-id=\"71\">Project Helper<\/a><\/h5>\n\n\n\n<p class=\"has-text-align-center\">A project manager\u2019s material package that enables successful project execution without prior experience.<\/p>\n<\/div>\n<\/div>\n\n\n\n<div class=\"wp-block-column is-layout-flow wp-block-column-is-layout-flow\">\n<div class=\"wp-block-group is-style-bk-box-shadow has-global-padding is-layout-constrained wp-container-core-group-is-layout-e20e7e2d wp-block-group-is-layout-constrained\" style=\"border-radius:5px;padding-top:var(--wp--preset--spacing--large);padding-right:var(--wp--preset--spacing--large);padding-bottom:var(--wp--preset--spacing--large);padding-left:var(--wp--preset--spacing--large)\">\n<figure class=\"wp-block-image aligncenter size-full wp-duotone-primary\"><img decoding=\"async\" src=\"https:\/\/demo.blockskit.com\/base\/wp-content\/themes\/blockskit-base\/assets\/images\/featured-icon2.svg\" alt=\"\" style=\"object-fit:cover\"\/><\/figure>\n\n\n\n<h5 class=\"wp-block-heading has-text-align-center\" style=\"letter-spacing:-0.04em;line-height:1.1\"><a href=\"https:\/\/www.sampomeklin.com\/en\/projektikonsultointi\/\" data-type=\"page\" data-id=\"160\">Project Consulting<\/a><\/h5>\n\n\n\n<p class=\"has-text-align-center\">Whenever you need support along the way, we\u2019ll customize the right level of help for you \u2014 and I\u2019ll be there by your side.<\/p>\n<\/div>\n<\/div>\n\n\n\n<div class=\"wp-block-column is-layout-flow wp-block-column-is-layout-flow\">\n<div class=\"wp-block-group is-style-bk-box-shadow has-global-padding is-layout-constrained wp-container-core-group-is-layout-e20e7e2d wp-block-group-is-layout-constrained\" style=\"border-radius:5px;padding-top:var(--wp--preset--spacing--large);padding-right:var(--wp--preset--spacing--large);padding-bottom:var(--wp--preset--spacing--large);padding-left:var(--wp--preset--spacing--large)\">\n<figure class=\"wp-block-image aligncenter size-full wp-duotone-primary\"><img decoding=\"async\" src=\"https:\/\/demo.blockskit.com\/base\/wp-content\/themes\/blockskit-base\/assets\/images\/featured-icon3.svg\" alt=\"\" class=\"wp-image-320\" style=\"object-fit:cover\"\/><\/figure>\n\n\n\n<h5 class=\"wp-block-heading has-text-align-center\" style=\"letter-spacing:-0.04em;line-height:1.1\"><a href=\"https:\/\/www.sampomeklin.com\/en\/aboutme\/\" data-type=\"page\" data-id=\"191\">Who I am<\/a><\/h5>\n\n\n\n<p class=\"has-text-align-center\">IT project and service manager with 15 years of experience.<\/p>\n<\/div>\n<\/div>\n<\/div>\n<\/div>\n<\/div>","protected":false},"excerpt":{"rendered":"<p>Projektiapuri Projektip\u00e4\u00e4llik\u00f6n materiaalipaketti jolla projektin l\u00e4pivienti onnistuu ilman aiempaa kokemusta. Projektikonsultointi Kun tarvitset tukea matkallasi, r\u00e4\u00e4t\u00e4l\u00f6id\u00e4\u00e4n sinulle sopiva m\u00e4\u00e4r\u00e4 apua ja olen tukenasi. Kuka olen IT projekti- ja palvelup\u00e4\u00e4llikk\u00f6 15 vuoden kokemuksella.<\/p>","protected":false},"author":1,"featured_media":0,"parent":0,"menu_order":0,"comment_status":"closed","ping_status":"closed","template":"full-width","meta":{"_uag_custom_page_level_css":"","footnotes":""},"class_list":["post-77","page","type-page","status-publish","hentry"],"yoast_head":"<!-- This site is optimized with the Yoast SEO plugin v27.5 - https:\/\/yoast.com\/product\/yoast-seo-wordpress\/ -->\n<title>Kun projekti on vastuullasi, Projektiapuri auttaa sinut maaliin.<\/title>\n<meta name=\"description\" content=\"Kun projekti on vastuullasi, Projektiapuri auttaa sinut maaliin ilman kaaosta ja ep\u00e4varmuutta.\" \/>\n<meta name=\"robots\" content=\"index, follow, max-snippet:-1, max-image-preview:large, max-video-preview:-1\" \/>\n<link rel=\"canonical\" href=\"https:\/\/www.sampomeklin.com\/en\/\" \/>\n<meta property=\"og:locale\" content=\"en_GB\" \/>\n<meta property=\"og:type\" content=\"article\" \/>\n<meta property=\"og:title\" content=\"Kun projekti on vastuullasi, Projektiapuri auttaa sinut maaliin.\" \/>\n<meta property=\"og:description\" content=\"Kun projekti on vastuullasi, Projektiapuri auttaa sinut maaliin ilman kaaosta ja ep\u00e4varmuutta.\" \/>\n<meta property=\"og:url\" content=\"https:\/\/www.sampomeklin.com\/en\/\" \/>\n<meta property=\"og:site_name\" content=\"Projektiapuri\" \/>\n<meta property=\"article:modified_time\" content=\"2026-02-22T18:58:33+00:00\" \/>\n<meta name=\"twitter:card\" content=\"summary_large_image\" \/>\n<meta name=\"twitter:label1\" content=\"Est. reading time\" \/>\n\t<meta name=\"twitter:data1\" content=\"2 minutes\" \/>\n<script type=\"application\/ld+json\" class=\"yoast-schema-graph\">{\"@context\":\"https:\\\/\\\/schema.org\",\"@graph\":[{\"@type\":\"WebPage\",\"@id\":\"https:\\\/\\\/www.sampomeklin.com\\\/\",\"url\":\"https:\\\/\\\/www.sampomeklin.com\\\/\",\"name\":\"Kun projekti on vastuullasi, Projektiapuri auttaa sinut maaliin.\",\"isPartOf\":{\"@id\":\"https:\\\/\\\/www.sampomeklin.com\\\/#website\"},\"primaryImageOfPage\":{\"@id\":\"https:\\\/\\\/www.sampomeklin.com\\\/#primaryimage\"},\"image\":{\"@id\":\"https:\\\/\\\/www.sampomeklin.com\\\/#primaryimage\"},\"thumbnailUrl\":\"https:\\\/\\\/demo.blockskit.com\\\/base\\\/wp-content\\\/themes\\\/blockskit-base\\\/assets\\\/images\\\/banner-img1.jpg\",\"datePublished\":\"2024-02-23T07:37:36+00:00\",\"dateModified\":\"2026-02-22T18:58:33+00:00\",\"description\":\"Kun projekti on vastuullasi, Projektiapuri auttaa sinut maaliin ilman kaaosta ja ep\u00e4varmuutta.\",\"breadcrumb\":{\"@id\":\"https:\\\/\\\/www.sampomeklin.com\\\/#breadcrumb\"},\"inLanguage\":\"en-GB\",\"potentialAction\":[{\"@type\":\"ReadAction\",\"target\":[\"https:\\\/\\\/www.sampomeklin.com\\\/\"]}]},{\"@type\":\"ImageObject\",\"inLanguage\":\"en-GB\",\"@id\":\"https:\\\/\\\/www.sampomeklin.com\\\/#primaryimage\",\"url\":\"https:\\\/\\\/demo.blockskit.com\\\/base\\\/wp-content\\\/themes\\\/blockskit-base\\\/assets\\\/images\\\/banner-img1.jpg\",\"contentUrl\":\"https:\\\/\\\/demo.blockskit.com\\\/base\\\/wp-content\\\/themes\\\/blockskit-base\\\/assets\\\/images\\\/banner-img1.jpg\"},{\"@type\":\"BreadcrumbList\",\"@id\":\"https:\\\/\\\/www.sampomeklin.com\\\/#breadcrumb\",\"itemListElement\":[{\"@type\":\"ListItem\",\"position\":1,\"name\":\"Etusivu\",\"item\":\"https:\\\/\\\/www.sampomeklin.com\\\/\"},{\"@type\":\"ListItem\",\"position\":2,\"name\":\"Etusivu\"}]},{\"@type\":\"WebSite\",\"@id\":\"https:\\\/\\\/www.sampomeklin.com\\\/#website\",\"url\":\"https:\\\/\\\/www.sampomeklin.com\\\/\",\"name\":\"Projektiapuri\",\"description\":\"\",\"publisher\":{\"@id\":\"https:\\\/\\\/www.sampomeklin.com\\\/#\\\/schema\\\/person\\\/c05fcd36e900d5ffe280b920d0dd8f14\"},\"potentialAction\":[{\"@type\":\"SearchAction\",\"target\":{\"@type\":\"EntryPoint\",\"urlTemplate\":\"https:\\\/\\\/www.sampomeklin.com\\\/?s={search_term_string}\"},\"query-input\":{\"@type\":\"PropertyValueSpecification\",\"valueRequired\":true,\"valueName\":\"search_term_string\"}}],\"inLanguage\":\"en-GB\"},{\"@type\":[\"Person\",\"Organization\"],\"@id\":\"https:\\\/\\\/www.sampomeklin.com\\\/#\\\/schema\\\/person\\\/c05fcd36e900d5ffe280b920d0dd8f14\",\"name\":\"sampo.meklin@gmail.com\",\"image\":{\"@type\":\"ImageObject\",\"inLanguage\":\"en-GB\",\"@id\":\"https:\\\/\\\/www.sampomeklin.com\\\/wp-content\\\/uploads\\\/2024\\\/02\\\/base-logo-white-2.png\",\"url\":\"https:\\\/\\\/www.sampomeklin.com\\\/wp-content\\\/uploads\\\/2024\\\/02\\\/base-logo-white-2.png\",\"contentUrl\":\"https:\\\/\\\/www.sampomeklin.com\\\/wp-content\\\/uploads\\\/2024\\\/02\\\/base-logo-white-2.png\",\"width\":26,\"height\":26,\"caption\":\"sampo.meklin@gmail.com\"},\"logo\":{\"@id\":\"https:\\\/\\\/www.sampomeklin.com\\\/wp-content\\\/uploads\\\/2024\\\/02\\\/base-logo-white-2.png\"},\"sameAs\":[\"https:\\\/\\\/www.sampomeklin.com\",\"www.linkedin.com\\\/in\\\/sampomeklin\"]}]}<\/script>\n<!-- \/ Yoast SEO plugin. -->","yoast_head_json":{"title":"Kun projekti on vastuullasi, Projektiapuri auttaa sinut maaliin.","description":"When project is in your responsibility, Project Helper will help you through it without chaos and uncertainty.","robots":{"index":"index","follow":"follow","max-snippet":"max-snippet:-1","max-image-preview":"max-image-preview:large","max-video-preview":"max-video-preview:-1"},"canonical":"https:\/\/www.sampomeklin.com\/en\/","og_locale":"en_GB","og_type":"article","og_title":"Kun projekti on vastuullasi, Projektiapuri auttaa sinut maaliin.","og_description":"Kun projekti on vastuullasi, Projektiapuri auttaa sinut maaliin ilman kaaosta ja ep\u00e4varmuutta.","og_url":"https:\/\/www.sampomeklin.com\/en\/","og_site_name":"Projektiapuri","article_modified_time":"2026-02-22T18:58:33+00:00","twitter_card":"summary_large_image","twitter_misc":{"Est. reading time":"2 minutes"},"schema":{"@context":"https:\/\/schema.org","@graph":[{"@type":"WebPage","@id":"https:\/\/www.sampomeklin.com\/","url":"https:\/\/www.sampomeklin.com\/","name":"Kun projekti on vastuullasi, Projektiapuri auttaa sinut maaliin.","isPartOf":{"@id":"https:\/\/www.sampomeklin.com\/#website"},"primaryImageOfPage":{"@id":"https:\/\/www.sampomeklin.com\/#primaryimage"},"image":{"@id":"https:\/\/www.sampomeklin.com\/#primaryimage"},"thumbnailUrl":"https:\/\/demo.blockskit.com\/base\/wp-content\/themes\/blockskit-base\/assets\/images\/banner-img1.jpg","datePublished":"2024-02-23T07:37:36+00:00","dateModified":"2026-02-22T18:58:33+00:00","description":"When project is in your responsibility, Project Helper will help you through it without chaos and uncertainty.","breadcrumb":{"@id":"https:\/\/www.sampomeklin.com\/#breadcrumb"},"inLanguage":"en-GB","potentialAction":[{"@type":"ReadAction","target":["https:\/\/www.sampomeklin.com\/"]}]},{"@type":"ImageObject","inLanguage":"en-GB","@id":"https:\/\/www.sampomeklin.com\/#primaryimage","url":"https:\/\/demo.blockskit.com\/base\/wp-content\/themes\/blockskit-base\/assets\/images\/banner-img1.jpg","contentUrl":"https:\/\/demo.blockskit.com\/base\/wp-content\/themes\/blockskit-base\/assets\/images\/banner-img1.jpg"},{"@type":"BreadcrumbList","@id":"https:\/\/www.sampomeklin.com\/#breadcrumb","itemListElement":[{"@type":"ListItem","position":1,"name":"Etusivu","item":"https:\/\/www.sampomeklin.com\/"},{"@type":"ListItem","position":2,"name":"Etusivu"}]},{"@type":"WebSite","@id":"https:\/\/www.sampomeklin.com\/#website","url":"https:\/\/www.sampomeklin.com\/","name":"Project Helper","description":"","publisher":{"@id":"https:\/\/www.sampomeklin.com\/#\/schema\/person\/c05fcd36e900d5ffe280b920d0dd8f14"},"potentialAction":[{"@type":"SearchAction","target":{"@type":"EntryPoint","urlTemplate":"https:\/\/www.sampomeklin.com\/?s={search_term_string}"},"query-input":{"@type":"PropertyValueSpecification","valueRequired":true,"valueName":"search_term_string"}}],"inLanguage":"en-GB"},{"@type":["Person","Organization"],"@id":"https:\/\/www.sampomeklin.com\/#\/schema\/person\/c05fcd36e900d5ffe280b920d0dd8f14","name":"sampo.meklin@gmail.com","image":{"@type":"ImageObject","inLanguage":"en-GB","@id":"https:\/\/www.sampomeklin.com\/wp-content\/uploads\/2024\/02\/base-logo-white-2.png","url":"https:\/\/www.sampomeklin.com\/wp-content\/uploads\/2024\/02\/base-logo-white-2.png","contentUrl":"https:\/\/www.sampomeklin.com\/wp-content\/uploads\/2024\/02\/base-logo-white-2.png","width":26,"height":26,"caption":"sampo.meklin@gmail.com"},"logo":{"@id":"https:\/\/www.sampomeklin.com\/wp-content\/uploads\/2024\/02\/base-logo-white-2.png"},"sameAs":["https:\/\/www.sampomeklin.com","www.linkedin.com\/in\/sampomeklin"]}]}},"uagb_featured_image_src":{"full":false,"thumbnail":false,"medium":false,"medium_large":false,"large":false,"1536x1536":false,"2048x2048":false,"trp-custom-language-flag":false},"uagb_author_info":{"display_name":"sampo.meklin@gmail.com","author_link":"https:\/\/www.sampomeklin.com\/en\/author\/sampo-meklingmail-com\/"},"uagb_comment_info":0,"uagb_excerpt":"Projektiapuri Projektip\u00e4\u00e4llik\u00f6n materiaalipaketti jolla projektin l\u00e4pivienti onnistuu ilman aiempaa kokemusta. Projektikonsultointi Kun tarvitset tukea matkallasi, r\u00e4\u00e4t\u00e4l\u00f6id\u00e4\u00e4n sinulle sopiva m\u00e4\u00e4r\u00e4 apua ja olen tukenasi. Kuka olen IT projekti- ja palvelup\u00e4\u00e4llikk\u00f6 15 vuoden kokemuksella.","_links":{"self":[{"href":"https:\/\/www.sampomeklin.com\/en\/wp-json\/wp\/v2\/pages\/77","targetHints":{"allow":["GET"]}}],"collection":[{"href":"https:\/\/www.sampomeklin.com\/en\/wp-json\/wp\/v2\/pages"}],"about":[{"href":"https:\/\/www.sampomeklin.com\/en\/wp-json\/wp\/v2\/types\/page"}],"author":[{"embeddable":true,"href":"https:\/\/www.sampomeklin.com\/en\/wp-json\/wp\/v2\/users\/1"}],"replies":[{"embeddable":true,"href":"https:\/\/www.sampomeklin.com\/en\/wp-json\/wp\/v2\/comments?post=77"}],"version-history":[{"count":16,"href":"https:\/\/www.sampomeklin.com\/en\/wp-json\/wp\/v2\/pages\/77\/revisions"}],"predecessor-version":[{"id":216,"href":"https:\/\/www.sampomeklin.com\/en\/wp-json\/wp\/v2\/pages\/77\/revisions\/216"}],"wp:attachment":[{"href":"https:\/\/www.sampomeklin.com\/en\/wp-json\/wp\/v2\/media?parent=77"}],"curies":[{"name":"wp","href":"https:\/\/api.w.org\/{rel}","templated":true}]}}